{"id":3,"date":"2024-04-22T07:35:41","date_gmt":"2024-04-22T07:35:41","guid":{"rendered":"https:\/\/grandluka.com\/?page_id=3"},"modified":"2024-05-17T07:09:12","modified_gmt":"2024-05-17T07:09:12","slug":"privacy-policy","status":"publish","type":"page","link":"https:\/\/grandluka.com\/lt\/privacy-policy\/","title":{"rendered":"Privatumo Politika"},"content":{"rendered":"<div data-elementor-type=\"wp-page\" data-elementor-id=\"3\" class=\"elementor elementor-3\" data-elementor-post-type=\"page\">\n\t\t\t\t\t\t<section class=\"elementor-section elementor-top-section elementor-element elementor-element-830d2e9 elementor-section-boxed elementor-section-height-default elementor-section-height-default\" data-id=\"830d2e9\" data-element_type=\"section\">\n\t\t\t\t\t\t\t<div class=\"elementor-background-overlay\"><\/div>\n\t\t\t\t\t\t\t<div class=\"elementor-container elementor-column-gap-default\">\n\t\t\t\t\t<div class=\"elementor-column elementor-col-100 elementor-top-column elementor-element elementor-element-a0906d3\" data-id=\"a0906d3\" data-element_type=\"column\">\n\t\t\t<div class=\"elementor-widget-wrap elementor-element-populated\">\n\t\t\t\t\t\t<div class=\"elementor-element elementor-element-e234258 elementor-invisible elementor-widget elementor-widget-heading\" data-id=\"e234258\" data-element_type=\"widget\" data-settings=\"{&quot;_animation&quot;:&quot;fadeInUp&quot;}\" data-widget_type=\"heading.default\">\n\t\t\t\t<div class=\"elementor-widget-container\">\n\t\t\t\t\t<h6 class=\"elementor-heading-title elementor-size-default\">Vertiname j\u016bs\u0173 privatum\u0105<\/h6>\t\t\t\t<\/div>\n\t\t\t\t<\/div>\n\t\t\t\t<div class=\"elementor-element elementor-element-18e98eb elementor-invisible elementor-widget elementor-widget-heading\" data-id=\"18e98eb\" data-element_type=\"widget\" data-settings=\"{&quot;_animation&quot;:&quot;fadeInUp&quot;,&quot;_animation_delay&quot;:80}\" data-widget_type=\"heading.default\">\n\t\t\t\t<div class=\"elementor-widget-container\">\n\t\t\t\t\t<h3 class=\"elementor-heading-title elementor-size-default\">Privatumo Politika<\/h3>\t\t\t\t<\/div>\n\t\t\t\t<\/div>\n\t\t\t\t<div class=\"elementor-element elementor-element-8b10a0e elementor-invisible elementor-widget elementor-widget-text-editor\" data-id=\"8b10a0e\" data-element_type=\"widget\" data-settings=\"{&quot;_animation&quot;:&quot;fadeInUp&quot;,&quot;_animation_delay&quot;:130}\" data-widget_type=\"text-editor.default\">\n\t\t\t\t<div class=\"elementor-widget-container\">\n\t\t\t\t\t\t\t\t\t<p class=\"translation-block\"><strong>Grandluka<\/strong> (Grandluka, UAB) gerbia \u0161ios interneto svetain\u0117s lankytoj\u0173 teis\u0119 \u012f privatum\u0105 ir \u012fsipareigoja u\u017etikrinti j\u0173 asmens duomen\u0173 apsaug\u0105. Grandluka taip pat r\u016bpinasi klient\u0173, kaip duomen\u0173 subjekt\u0173, teisi\u0173 u\u017etikrinimu.\n\nTvarkydami Kliento asmens duomenis, mes laikom\u0117s teis\u0117s akt\u0173 reglamentuojan\u010di\u0173 asmens duomen\u0173 apsaug\u0105.<\/p><p><strong>Slapukai<\/strong><br \/>Slapukas (angl. cookie) \u2013 tai ma\u017eas tekstinis failas, kur\u012f interneto svetain\u0117 \u012fra\u0161o \u012f J\u016bs\u0173 kompiuterio arba mobilaus prietaiso nar\u0161ykl\u0117s fail\u0173 pod\u0117l\u012f, kai J\u016bs lankot\u0117s svetain\u0117je. Kit\u0105 kart\u0105 apsilankius toje pat svetain\u0117je \u0161is failas gali b\u016bti nuskaitytas, kad svetain\u0117 gal\u0117t\u0173 atpa\u017einti J\u016bs\u0173 kompiuter\u012f ar mobil\u0173j\u012f prietais\u0105.<\/p><p>Slapuk\u0173 surinkta informacija leid\u017eia svetain\u0117s \u0161eimininkui u\u017etikrinti J\u016bs\u0173 galimyb\u0119 nar\u0161yti patogiau, daugiau su\u017einoti apie svetain\u0117s naudotoj\u0173 elges\u012f, analizuoti tendencijas ir tobulinti svetain\u0119.<\/p><p>Siekiant u\u017etikrinti galimyb\u0119 Jums patogiau ir efektyviau nar\u0161yti svetain\u0117je bei pateikti Jums naudingus pasi\u016blymus, svetain\u0117je naudojame \u0161iuos slapukus:<\/p><table width=\"685\"><tbody><tr><td><p><strong>SLAPUKAS<\/strong><\/p><\/td><td><p><strong>APRA\u0160YMAS<\/strong><\/p><\/td><td><p><strong>LAIKOTARPIS<\/strong><\/p><\/td><td><p><strong>TIPAS<\/strong><\/p><\/td><\/tr><tr><td><p>_gid<\/p><\/td><td><p>\u201eGoogle Analytics\u201c \u012fdiegtas _gid slapukas saugo informacij\u0105 apie tai, kaip lankytojai naudojasi svetaine, taip pat sukuria analitin\u0119 svetain\u0117s na\u0161umo ataskait\u0105. Kai kurie renkami duomenys apima lankytoj\u0173 skai\u010di\u0173, j\u0173 \u0161altin\u012f ir puslapius, kuriuose jie lankosi anonimi\u0161kai.<\/p><\/td><td><p>1 diena<\/p><\/td><td><p>Na\u0161umo<\/p><\/td><\/tr><tr><td><p>_ga_<\/p><\/td><td><p>\u0160\u012f slapuk\u0105 \u012fdieg\u0117 Google Analytics.<\/p><\/td><td><p>2 metai<\/p><\/td><td><p>Na\u0161umo<\/p><\/td><\/tr><tr><td><p>_ga<\/p><\/td><td><p>_ga slapukas, \u012fdiegtas Google Analytics, apskai\u010diuoja lankytoj\u0173, seans\u0173 ir kampanijos duomenis, taip pat seka svetain\u0117s naudojim\u0105 svetain\u0117s analiz\u0117s ataskaitoje. Slapukas i\u0161saugo informacij\u0105 anonimi\u0161kai ir priskiria atsitiktinai sugeneruot\u0105 skai\u010di\u0173 unikaliems lankytojams atpa\u017einti.<\/p><\/td><td><p>2 metai<\/p><\/td><td><p>Na\u0161umo<\/p><\/td><\/tr><\/tbody><\/table><p><strong>\u00a0<\/strong><\/p><p>J\u016bs galite bet kada i\u0161trinti arba u\u017eblokuoti dal\u012f ar visus \u012fra\u0161ytus slapukus savo kompiuteriuose ar kituose \u012frenginiuose, pakeisdamas savo naudojamos nar\u0161ykl\u0117s nustatymus. Daugiau informacijos apie slapuk\u0173 i\u0161trynim\u0105 ar u\u017eblokavim\u0105 galima rasti naudojamos nar\u0161ykl\u0117s svetain\u0117je. Atkreipiame d\u0117mes\u012f, kad atlikus \u0161iuos veiksmus, kai kurios svetain\u0117s funkcijos gali dalinai arba visi\u0161kai nebeveikti bei b\u016bti neprieinamos. Svetain\u0117je gali b\u016bti naudojami tre\u010di\u0173j\u0173 \u0161ali\u0173 (partneri\u0173, statistikos rinkimo sistem\u0173, bendravimo sistem\u0173 ir pan.) \u012fskiepiai, kurie taip pat naudoja slapukus savo tinkamo funkcionalumo u\u017etikrinimui. Mes nekontroliuojame ir nesame atsakingi u\u017e tre\u010di\u0173j\u0173 \u0161ali\u0173 naudojamus slapukus, turin\u012f bei \u0161i\u0173 tinklapi\u0173 taikom\u0105 privatumo apsaug\u0105, su kuria kiekvienu atveju rekomenduojame susipa\u017einti individualiai.<\/p><p><strong>Kontaktin\u0117 forma<\/strong><br \/>J\u016bs\u0173 sutikimo teisiniu pagrindu, tvarkome asmens duomenis pateiktus kontaktin\u0117je formoje \u201cSusisiekite su mumis\u201d: J\u016bs\u0173 vardas, J\u016bs\u0173 el. pa\u0161tas,  J\u016bs\u0173 \u017einut\u0117. \u0160iuos duomenis tvarkome 2 metus, tam, kad gal\u0117tume atsakyti \u012f J\u016bs\u0173 u\u017eklausas ir pateikti pasi\u016blymus.<\/p><p><strong>Duomen\u0173 gav\u0117jai<\/strong><br \/>Mes galime pateikti J\u016bs\u0173 asmens duomenis duomen\u0173 tvarkytojams, kurie mums teikia paslaugas ir tvarko asmens duomenis m\u016bs\u0173 vardu ir naudai, teis\u0117saugos institucijoms, kai tam yra teisinis pagrindas.<\/p><p>Asmens duomenys taip pat gali b\u016bti teikiami, atsakant \u012f oficialius valstyb\u0117s institucij\u0173 bei teismo pra\u0161ymus, ta\u010diau tik \u012fsitikinus \u0161i\u0173 pra\u0161ym\u0173 teis\u0117tumu.<\/p><p><strong>J\u016bs\u0173 teis\u0117s<\/strong><br \/>J\u016bs turite \u0161ias teises:<\/p><p>\u25cf teis\u0119 pra\u0161yti, kad leistume susipa\u017einti su asmens duomenimis ir juos i\u0161taisytume arba i\u0161trintume, arba apribotume duomen\u0173 tvarkym\u0105;<br \/>\u25cf teis\u0119 nesutikti, kad duomenys b\u016bt\u0173 tvarkomi;<br \/>\u25cf teis\u0119 \u012f duomen\u0173 perkeliamum\u0105;<br \/>\u25cf bet kuriuo metu at\u0161aukti sutikim\u0105;<br \/>\u25cf teis\u0119 pateikti skund\u0105 prie\u017ei\u016bros institucijai.<\/p><p><strong>Tre\u010di\u0173j\u0173 \u0161ali\u0173 nuorodos<\/strong><br \/>Interneto svetain\u0117je teikiamos nurodos \u012f tre\u010di\u0173j\u0173 \u0161ali\u0173 interneto svetaines, socialinius tinklus (galimyb\u0117 dalintis svetain\u0117s turiniu socialiniuose tinkluose Facebook, Instagram ir Linkedin). Tre\u010di\u0173j\u0173 \u0161ali\u0173 svetain\u0117ms, kuri\u0173 nuorodos pateikiamos svetain\u0117je, yra taikomos \u0161i\u0173 svetaini\u0173 privatumo politikos ir mes neprisiimame atsakomyb\u0117s u\u017e \u0161i\u0173 svetaini\u0173 pateiktos informacijos turin\u012f, j\u0173 veikl\u0105 bei j\u0173 privatumo politik\u0173 nuostatas.<\/p><p><strong>Susisiekite su mumis<\/strong><br \/>Jei d\u0117l \u0161ioje Privatumo politikoje pateiktos informacijos jums i\u0161kilt\u0173 klausim\u0173, maloniai pra\u0161ome kreiptis: <a href=\"mailto:info@frigolita.lt\"><span style=\"color: #da292a;\">info@frigolita.lt<\/span><\/a><\/p>\t\t\t\t\t\t\t\t<\/div>\n\t\t\t\t<\/div>\n\t\t\t\t\t<\/div>\n\t\t<\/div>\n\t\t\t\t\t<\/div>\n\t\t<\/section>\n\t\t\t\t<\/div>","protected":false},"excerpt":{"rendered":"<p>We Value Your Privacy Privacy Policy Grandluka (Grandluka, UAB) respects the right to privacy of visitors to this website and is committed to ensuring the protection of their personal data. The Grandluka also takes care of the rights of customers as data subjects.When processing the Client&#8217;s personal data, we comply with the legal acts regulating [&hellip;]<\/p>","protected":false},"author":1,"featured_media":0,"parent":0,"menu_order":0,"comment_status":"closed","ping_status":"open","template":"elementor_header_footer","meta":{"footnotes":""},"class_list":["post-3","page","type-page","status-publish","hentry"],"_links":{"self":[{"href":"https:\/\/grandluka.com\/lt\/wp-json\/wp\/v2\/pages\/3"}],"collection":[{"href":"https:\/\/grandluka.com\/lt\/wp-json\/wp\/v2\/pages"}],"about":[{"href":"https:\/\/grandluka.com\/lt\/wp-json\/wp\/v2\/types\/page"}],"author":[{"embeddable":true,"href":"https:\/\/grandluka.com\/lt\/wp-json\/wp\/v2\/users\/1"}],"replies":[{"embeddable":true,"href":"https:\/\/grandluka.com\/lt\/wp-json\/wp\/v2\/comments?post=3"}],"version-history":[{"count":25,"href":"https:\/\/grandluka.com\/lt\/wp-json\/wp\/v2\/pages\/3\/revisions"}],"predecessor-version":[{"id":1430,"href":"https:\/\/grandluka.com\/lt\/wp-json\/wp\/v2\/pages\/3\/revisions\/1430"}],"wp:attachment":[{"href":"https:\/\/grandluka.com\/lt\/wp-json\/wp\/v2\/media?parent=3"}],"curies":[{"name":"wp","href":"https:\/\/api.w.org\/{rel}","templated":true}]}}